{"id":10,"date":"2014-10-02T22:44:25","date_gmt":"2014-10-02T20:44:25","guid":{"rendered":"http:\/\/www.carpathianclimb.sk\/?page_id=10"},"modified":"2025-01-11T22:04:44","modified_gmt":"2025-01-11T20:04:44","slug":"uvod","status":"publish","type":"page","link":"https:\/\/www.carpathianclimb.sk\/","title":{"rendered":"\u00davod"},"content":{"rendered":"\n<figure class=\"wp-block-image size-large is-resized\"><a href=\"https:\/\/www.carpathianclimb.sk\/wp-content\/uploads\/2023\/07\/carpathian_final_black.png\" data-rel=\"lightbox-gallery-Iak1movZ\" data-rl_title=\"\" data-rl_caption=\"\" title=\"\"><img loading=\"lazy\" decoding=\"async\" width=\"1024\" height=\"652\" src=\"https:\/\/www.carpathianclimb.sk\/wp-content\/uploads\/2023\/07\/carpathian_final_black-1024x652.png\" alt=\"\" class=\"wp-image-1646\" style=\"width:374px;height:238px\" srcset=\"https:\/\/www.carpathianclimb.sk\/wp-content\/uploads\/2023\/07\/carpathian_final_black-1024x652.png 1024w, https:\/\/www.carpathianclimb.sk\/wp-content\/uploads\/2023\/07\/carpathian_final_black-300x191.png 300w, https:\/\/www.carpathianclimb.sk\/wp-content\/uploads\/2023\/07\/carpathian_final_black-768x489.png 768w, https:\/\/www.carpathianclimb.sk\/wp-content\/uploads\/2023\/07\/carpathian_final_black-1536x978.png 1536w, https:\/\/www.carpathianclimb.sk\/wp-content\/uploads\/2023\/07\/carpathian_final_black-2048x1304.png 2048w\" sizes=\"auto, (max-width: 1024px) 100vw, 1024px\" \/><\/a><\/figure>\n\n\n\n<p style=\"font-size:33px\">Vitajte na str\u00e1nkach<br><strong>Karpatsk\u00e9ho Lezeck\u00e9ho Klubu<\/strong><\/p>\n\n\n\n<p><\/p>\n\n\n\n<p>Karpatsk\u00fd lezeck\u00fd klub \u2013 je a aj v\u017edy bol zameran\u00fd hlavne na zdru\u017eovanie \u013eud\u00ed, ktor\u00ed chc\u00fa by\u0165 akt\u00edvni v lezen\u00ed a \u00fadr\u017ebe skaln\u00fdch oblast\u00ed.<\/p>\n\n\n\n<p>P\u00f4sob\u00edme hlavne v okol\u00ed Bratislavy.<\/p>\n\n\n\n<p>Klub sa tie\u017e akt\u00edvne venuje vzdel\u00e1vaniu svojich \u010dlenov, \u0161\u00edreniu povedomia o r\u00f4znych form\u00e1ch lezenia a zdru\u017eovaniu \u013eud\u00ed s v\u00e1\u0161\u0148ou pre tento \u0161port.<\/p>\n\n\n\n<p>Te\u0161\u00edme sa na teba.<\/p>\n","protected":false},"excerpt":{"rendered":"<p>Vitajte na str\u00e1nkachKarpatsk\u00e9ho Lezeck\u00e9ho Klubu Karpatsk\u00fd lezeck\u00fd klub \u2013 je a aj v\u017edy bol zameran\u00fd hlavne na zdru\u017eovanie \u013eud\u00ed, ktor\u00ed chc\u00fa by\u0165 akt\u00edvni v lezen\u00ed a \u00fadr\u017ebe skaln\u00fdch oblast\u00ed. P\u00f4sob\u00edme hlavne v okol\u00ed Bratislavy. Klub sa tie\u017e akt\u00edvne venuje vzdel\u00e1vaniu svojich \u010dlenov, \u0161\u00edreniu povedomia o r\u00f4znych form\u00e1ch lezenia a zdru\u017eovaniu \u013eud\u00ed s v\u00e1\u0161\u0148ou pre tento &hellip; <a href=\"https:\/\/www.carpathianclimb.sk\/\" class=\"more-link\">Pokra\u010dova\u0165 na <span class=\"screen-reader-text\">\u00davod<\/span> <span class=\"meta-nav\">&rarr;<\/span><\/a><\/p>\n","protected":false},"author":1,"featured_media":0,"parent":0,"menu_order":0,"comment_status":"closed","ping_status":"closed","template":"","meta":{"footnotes":""},"class_list":["post-10","page","type-page","status-publish","hentry"],"_links":{"self":[{"href":"https:\/\/www.carpathianclimb.sk\/index.php?rest_route=\/wp\/v2\/pages\/10","targetHints":{"allow":["GET"]}}],"collection":[{"href":"https:\/\/www.carpathianclimb.sk\/index.php?rest_route=\/wp\/v2\/pages"}],"about":[{"href":"https:\/\/www.carpathianclimb.sk\/index.php?rest_route=\/wp\/v2\/types\/page"}],"author":[{"embeddable":true,"href":"https:\/\/www.carpathianclimb.sk\/index.php?rest_route=\/wp\/v2\/users\/1"}],"replies":[{"embeddable":true,"href":"https:\/\/www.carpathianclimb.sk\/index.php?rest_route=%2Fwp%2Fv2%2Fcomments&post=10"}],"version-history":[{"count":37,"href":"https:\/\/www.carpathianclimb.sk\/index.php?rest_route=\/wp\/v2\/pages\/10\/revisions"}],"predecessor-version":[{"id":1809,"href":"https:\/\/www.carpathianclimb.sk\/index.php?rest_route=\/wp\/v2\/pages\/10\/revisions\/1809"}],"wp:attachment":[{"href":"https:\/\/www.carpathianclimb.sk\/index.php?rest_route=%2Fwp%2Fv2%2Fmedia&parent=10"}],"curies":[{"name":"wp","href":"https:\/\/api.w.org\/{rel}","templated":true}]}}