{"id":1497,"date":"2022-04-01T00:36:34","date_gmt":"2022-03-31T22:36:34","guid":{"rendered":"http:\/\/www.carpathianclimb.sk\/?page_id=1497"},"modified":"2025-05-29T16:20:08","modified_gmt":"2025-05-29T14:20:08","slug":"kalendar-akcii","status":"publish","type":"page","link":"https:\/\/www.carpathianclimb.sk\/?page_id=1497","title":{"rendered":"Kalend\u00e1r akci\u00ed pre rok 2025"},"content":{"rendered":"\n<p>Na tejto str\u00e1nke sa budeme sna\u017ei\u0165 udr\u017eiava\u0165 aktu\u00e1lny zoznam akci\u00ed tak ako sme si ich napl\u00e1novali.  <\/p>\n\n\n\n<ul class=\"wp-block-list\">\n<li><strong>Bud\u00ed\u010dek<\/strong>\n<ul class=\"wp-block-list\">\n<li>term\u00edn: Apr\u00edl<\/li>\n\n\n\n<li>miesto: bude upresnen\u00e9<\/li>\n\n\n\n<li>ofici\u00e1lne neofici\u00e1lny \u0161tart lezeckej sez\u00f3ny<\/li>\n<\/ul>\n<\/li>\n<\/ul>\n\n\n\n<ul class=\"wp-block-list\" start=\"2\">\n<li><strong>Metodick\u00fd de\u0148 pre na\u0161ich \u010dlenov aj ne\u010dlenov<\/strong>\n<ul class=\"wp-block-list\">\n<li>term\u00edn: J\u00fan<\/li>\n\n\n\n<li>miesto: Meden\u00e9 H\u00e1mre &#8211; Detsk\u00fd sektor, alebo Kamenn\u00e9 Srdce &#8211; Dev\u00ednska Nov\u00e1 Ves (miesto bude upresnen\u00e9 a z\u00e1vis\u00ed najm\u00e4 od ochrany vt\u00e1kov kv\u00f4li ich hniezdeniu v j\u00fani)<\/li>\n<\/ul>\n<\/li>\n<\/ul>\n\n\n\n<ul class=\"wp-block-list\" start=\"3\">\n<li><strong>Chmatanie<\/strong>\n<ul class=\"wp-block-list\">\n<li>term\u00edn: z\u00e1ver J\u00fala, s najv\u00e4\u010d\u0161ou pravdepodobnos\u0165ou 29.7.<\/li>\n\n\n\n<li>miesto: bude upresnen\u00e9<\/li>\n\n\n\n<li>spolo\u010dn\u00e1 akcia pre zrakovo postihnut\u00fdch kamar\u00e1tov <\/li>\n<\/ul>\n<\/li>\n<\/ul>\n\n\n\n<ul class=\"wp-block-list\">\n<li><strong>Metodick\u00fd de\u0148 pre na\u0161ich \u010dlenov aj ne\u010dlenov<\/strong>\n<ul class=\"wp-block-list\">\n<li>term\u00edn: September<\/li>\n\n\n\n<li>miesto: Meden\u00e9 H\u00e1mre alebo Kamenn\u00e9 Srdce Dev\u00ednska Nov\u00e1 Ves (miesto bude upresnen\u00e9)<\/li>\n<\/ul>\n<\/li>\n<\/ul>\n\n\n\n<ul class=\"wp-block-list\" start=\"5\">\n<li><strong>Klubov\u00e1 kapustnica<\/strong>\n<ul class=\"wp-block-list\">\n<li>term\u00edn: za\u010diatok Okt\u00f3bra <\/li>\n\n\n\n<li>miesto: bude upresnen\u00e9<\/li>\n<\/ul>\n<\/li>\n<\/ul>\n\n\n\n<ul class=\"wp-block-list\" start=\"6\">\n<li><strong>Zla\u0148\u00e1k<\/strong>\n<ul class=\"wp-block-list\">\n<li>term\u00edn: koniec Okt\u00f3bra<\/li>\n\n\n\n<li>miesto: bude upresnen\u00e9<\/li>\n<\/ul>\n<\/li>\n<\/ul>\n\n\n\n<ul class=\"wp-block-list\" start=\"6\">\n<li><strong>Klubov\u00e9 lezenie<\/strong>\n<ul class=\"wp-block-list\">\n<li>Tatry aj nie Tatry<\/li>\n\n\n\n<li>miesto: Ve\u013ek\u00fd Lysec, Jelenec, Dobr\u00e1 H2O, Bl\u00e1zon, Kr\u0161lenica, &#8230;..<\/li>\n<\/ul>\n<\/li>\n<\/ul>\n\n\n\n<p>  <\/p>\n","protected":false},"excerpt":{"rendered":"<p>Na tejto str\u00e1nke sa budeme sna\u017ei\u0165 udr\u017eiava\u0165 aktu\u00e1lny zoznam akci\u00ed tak ako sme si ich napl\u00e1novali.<\/p>\n","protected":false},"author":1,"featured_media":0,"parent":0,"menu_order":0,"comment_status":"closed","ping_status":"closed","template":"","meta":{"footnotes":""},"class_list":["post-1497","page","type-page","status-publish","hentry"],"_links":{"self":[{"href":"https:\/\/www.carpathianclimb.sk\/index.php?rest_route=\/wp\/v2\/pages\/1497","targetHints":{"allow":["GET"]}}],"collection":[{"href":"https:\/\/www.carpathianclimb.sk\/index.php?rest_route=\/wp\/v2\/pages"}],"about":[{"href":"https:\/\/www.carpathianclimb.sk\/index.php?rest_route=\/wp\/v2\/types\/page"}],"author":[{"embeddable":true,"href":"https:\/\/www.carpathianclimb.sk\/index.php?rest_route=\/wp\/v2\/users\/1"}],"replies":[{"embeddable":true,"href":"https:\/\/www.carpathianclimb.sk\/index.php?rest_route=%2Fwp%2Fv2%2Fcomments&post=1497"}],"version-history":[{"count":13,"href":"https:\/\/www.carpathianclimb.sk\/index.php?rest_route=\/wp\/v2\/pages\/1497\/revisions"}],"predecessor-version":[{"id":1856,"href":"https:\/\/www.carpathianclimb.sk\/index.php?rest_route=\/wp\/v2\/pages\/1497\/revisions\/1856"}],"wp:attachment":[{"href":"https:\/\/www.carpathianclimb.sk\/index.php?rest_route=%2Fwp%2Fv2%2Fmedia&parent=1497"}],"curies":[{"name":"wp","href":"https:\/\/api.w.org\/{rel}","templated":true}]}}