{"id":4,"date":"2014-10-03T21:39:58","date_gmt":"2014-10-03T19:39:58","guid":{"rendered":"http:\/\/www.carpathianclimb.sk\/?page_id=4"},"modified":"2023-01-22T23:12:14","modified_gmt":"2023-01-22T21:12:14","slug":"kontakt","status":"publish","type":"page","link":"https:\/\/www.carpathianclimb.sk\/?page_id=4","title":{"rendered":"Kontakt"},"content":{"rendered":"<p><b>Karpatsk\u00fd lezeck\u00fd klub &#8211; Carpathian climbing club<\/b><\/p>\n<p>Pri starom letisku 10035\/2<br \/>\n831 07 Bratislava<\/p>\n<p>I\u010cO: 42413435<br \/>\nbankov\u00e9 spojenie:<\/p>\n<p>SK28 7500 0000 0040 3000 9266<\/p>\n<p><span style=\"color: #808080;\">V pr\u00edpade ot\u00e1zok a n\u00e1vrhov budeme radi ak n\u00e1m nap\u00ed\u0161ete mail, alebo n\u00e1s m\u00f4\u017eete kontaktova\u0165 aj priamo cez n\u00e1\u0161ho predsedu:<\/span><\/p>\n<p><strong><a href=\"mailto:info@carpathianclimb.sk\">info@carpathianclimb.sk<\/a><\/strong><\/p>\n<p><strong><span style=\"color: #808080;\">Jozef Nov\u00e1k<\/span><span style=\"color: #999999;\"><br \/>\n<\/span><\/strong><span style=\"color: #999999;\"><strong>+421 903 176 533\u00a0<\/strong><\/span><\/p>\n<p><a href=\"https:\/\/www.facebook.com\/karpatskilezci?ref=br_tf\" target=\"_blank\" rel=\"noopener\"><br \/>\n<img decoding=\"async\" title=\"FaceBook\" src=\"\/images\/Facebook.png\" alt=\"\" width=\"30\" align=\"left\" \/><\/a><a href=\"http:\/\/www.carpathianclimb.sk\/?feed=rss\" target=\"_blank\" rel=\"noopener\"> <img decoding=\"async\" title=\"RSS\" src=\"\/images\/rss.png\" alt=\"\" width=\"30\" align=\"left\" \/><\/a><\/p>\n","protected":false},"excerpt":{"rendered":"<p>Karpatsk\u00fd lezeck\u00fd klub &#8211; Carpathian climbing club Pri starom letisku 10035\/2 831 07 Bratislava I\u010cO: 42413435 bankov\u00e9 spojenie: SK28 7500 0000 0040 3000 9266 V pr\u00edpade ot\u00e1zok a n\u00e1vrhov budeme radi ak n\u00e1m nap\u00ed\u0161ete mail, alebo n\u00e1s m\u00f4\u017eete kontaktova\u0165 aj priamo cez n\u00e1\u0161ho predsedu: info@carpathianclimb.sk Jozef Nov\u00e1k +421 903 176 533\u00a0<\/p>\n","protected":false},"author":1,"featured_media":0,"parent":0,"menu_order":2,"comment_status":"closed","ping_status":"closed","template":"","meta":{"footnotes":""},"class_list":["post-4","page","type-page","status-publish","hentry"],"_links":{"self":[{"href":"https:\/\/www.carpathianclimb.sk\/index.php?rest_route=\/wp\/v2\/pages\/4","targetHints":{"allow":["GET"]}}],"collection":[{"href":"https:\/\/www.carpathianclimb.sk\/index.php?rest_route=\/wp\/v2\/pages"}],"about":[{"href":"https:\/\/www.carpathianclimb.sk\/index.php?rest_route=\/wp\/v2\/types\/page"}],"author":[{"embeddable":true,"href":"https:\/\/www.carpathianclimb.sk\/index.php?rest_route=\/wp\/v2\/users\/1"}],"replies":[{"embeddable":true,"href":"https:\/\/www.carpathianclimb.sk\/index.php?rest_route=%2Fwp%2Fv2%2Fcomments&post=4"}],"version-history":[{"count":32,"href":"https:\/\/www.carpathianclimb.sk\/index.php?rest_route=\/wp\/v2\/pages\/4\/revisions"}],"predecessor-version":[{"id":1585,"href":"https:\/\/www.carpathianclimb.sk\/index.php?rest_route=\/wp\/v2\/pages\/4\/revisions\/1585"}],"wp:attachment":[{"href":"https:\/\/www.carpathianclimb.sk\/index.php?rest_route=%2Fwp%2Fv2%2Fmedia&parent=4"}],"curies":[{"name":"wp","href":"https:\/\/api.w.org\/{rel}","templated":true}]}}